{"id":1847,"date":"2023-10-13T10:08:54","date_gmt":"2023-10-13T08:08:54","guid":{"rendered":"https:\/\/www.besancon-sport-airsoft.com\/2018\/?page_id=1847"},"modified":"2025-06-19T10:37:29","modified_gmt":"2025-06-19T08:37:29","slug":"reglement-de-jeu","status":"publish","type":"page","link":"https:\/\/www.besancon-sport-airsoft.com\/2018\/reglement-de-jeu\/","title":{"rendered":"r\u00e8glement de jeu"},"content":{"rendered":"\n<p><strong>Obligatoire :<\/strong><\/p>\n\n\n\n<ul class=\"wp-block-list\">\n<li>Aucune r\u00e9plique visible en dehors du terrain (dans un sac, couverte mais non visible sur la voie publique ou lors de transport)<\/li>\n\n\n\n<li>Lunettes de s\u00e9curit\u00e9 respectant la norme EN166B ou EN ISO 16321 minimum (la norme EN 166 prendra fin le 11 novembre 2025 sur le march\u00e9 europ\u00e9en, y compris en France, la norme qui succ\u00e8de \u00e0 l\u2019EN 166 est l&rsquo;EN ISO 16321, est d\u2019ores et d\u00e9j\u00e0 en vigueur)<\/li>\n\n\n\n<li>Lunettes \u00e0 porter constamment sur le terrain, la Zone Neutre d\u00e9finie par les organisateurs ou par le terrain sont les seules zone sur le terrain ou l&rsquo;on peut les retirer sous conditions que la dite Zone Neutre n&rsquo;est pas jouable<\/li>\n\n\n\n<li>Respecter les distances de s\u00e9curit\u00e9 (en cas de doute faire une v\u00e9rifications chronographe (chrony) et appliquer les restrictions du tableau des puissances de l&rsquo;associations<\/li>\n<\/ul>\n\n\n\n<p><strong>Recommand\u00e9 :<\/strong><\/p>\n\n\n\n<ul class=\"wp-block-list\">\n<li>Chaussures montantes pour prot\u00e9ger la cheville<\/li>\n\n\n\n<li>Protection faciale (masque grillag\u00e9)<\/li>\n\n\n\n<li>Avoir une tenue adapt\u00e9e \u00e0 l&rsquo;activit\u00e9<\/li>\n<\/ul>\n\n\n\n<p><strong>R\u00e8gles de jeux standards :<\/strong><\/p>\n\n\n\n<ul class=\"wp-block-list\">\n<li>tir a la libanaise interdit (Tir a la libanaise = Tir depuis un couvert uniquement avec la r\u00e9plique sans partie du corps expos\u00e9)<\/li>\n<\/ul>\n\n\n\n<p>Principe a adopt\u00e9 : le tir depuis un couvert dois exposer une partie du corps (organes de vis\u00e9 align\u00e9s avec&nbsp; l&rsquo;oeil et\/ou la r\u00e9plique \u00e9paul\u00e9).<\/p>\n\n\n\n<ul class=\"wp-block-list\">\n<li>Le tir a travers des trous\/interstices ne peux se faire que si le trou est aussi large que la t\u00eate, le but \u00e9tant de rendre la partie jouable pour tous.<\/li>\n\n\n\n<li>si l&rsquo;on est touch\u00e9 on se d\u00e9clare en criant \u00ab\u00a0Out\u00a0\u00bb et lever le\/les bras, si on a un doute on se d\u00e9clare, ensuite on applique les r\u00e8gles de retour en jeu<\/li>\n\n\n\n<li>Les mort ne parle pas, verbalement, physiquement ou bien via la radio ou autre forme de communication et ne cours pas lors du retour au spawn.<\/li>\n\n\n\n<li>les d\u00e9comptes (temps de respawn, medic) se font en seconde fran\u00e7aise, pour vous aider a compter dans le bon rythme, essayer de mettre \u00ab\u00a0hippopotame\u00a0\u00bb entre chaque seconde compter<\/li>\n<\/ul>\n\n\n\n<p><strong>R\u00e8gles des grenades :<\/strong><\/p>\n\n\n\n<ul class=\"wp-block-list\">\n<li>Privil\u00e9gier le lancer en cuill\u00e8re<\/li>\n\n\n\n<li>Ne pas lancer directement sur les camarades (ou essayer)<\/li>\n\n\n\n<li>Grenades Pyrotechnique, CO2 ou \u00e0 amorce interdites au Bois Z\u00e9ro et Fort de planoise<\/li>\n<\/ul>\n\n\n\n<p><strong>R\u00e8gles des boucliers :<\/strong><\/p>\n\n\n\n<ul class=\"wp-block-list\">\n<li>S&rsquo;exposer pour pouvoir tirer (pas juste une encoche dans le bouclier pour tirer au PA)<\/li>\n\n\n\n<li>PA (r\u00e9plique de poing) et\/ou GN (couteau) uniquement<\/li>\n\n\n\n<li>Les grenades peuvent sortir le bouclier (a main et \/ ou 40mm)<\/li>\n<\/ul>\n\n\n\n<p><strong>R\u00e8gles des Gunners\/Mitrailleurs :<\/strong><\/p>\n\n\n\n<ul class=\"wp-block-list\">\n<li>Faire des courtes raffales<\/li>\n<\/ul>\n","protected":false},"excerpt":{"rendered":"<p>Obligatoire : Recommand\u00e9 : R\u00e8gles de jeux standards : Principe a adopt\u00e9 : le tir depuis un couvert dois exposer une partie du corps (organes de vis\u00e9 align\u00e9s avec&nbsp; l&rsquo;oeil et\/ou la r\u00e9plique \u00e9paul\u00e9). R\u00e8gles des grenades : R\u00e8gles des boucliers : R\u00e8gles des Gunners\/Mitrailleurs :<\/p>\n","protected":false},"author":10058,"featured_media":0,"parent":0,"menu_order":0,"comment_status":"closed","ping_status":"closed","template":"","meta":{"ngg_post_thumbnail":0,"footnotes":""},"class_list":["post-1847","page","type-page","status-publish","hentry"],"_links":{"self":[{"href":"https:\/\/www.besancon-sport-airsoft.com\/2018\/wp-json\/wp\/v2\/pages\/1847","targetHints":{"allow":["GET"]}}],"collection":[{"href":"https:\/\/www.besancon-sport-airsoft.com\/2018\/wp-json\/wp\/v2\/pages"}],"about":[{"href":"https:\/\/www.besancon-sport-airsoft.com\/2018\/wp-json\/wp\/v2\/types\/page"}],"author":[{"embeddable":true,"href":"https:\/\/www.besancon-sport-airsoft.com\/2018\/wp-json\/wp\/v2\/users\/10058"}],"replies":[{"embeddable":true,"href":"https:\/\/www.besancon-sport-airsoft.com\/2018\/wp-json\/wp\/v2\/comments?post=1847"}],"version-history":[{"count":17,"href":"https:\/\/www.besancon-sport-airsoft.com\/2018\/wp-json\/wp\/v2\/pages\/1847\/revisions"}],"predecessor-version":[{"id":1950,"href":"https:\/\/www.besancon-sport-airsoft.com\/2018\/wp-json\/wp\/v2\/pages\/1847\/revisions\/1950"}],"wp:attachment":[{"href":"https:\/\/www.besancon-sport-airsoft.com\/2018\/wp-json\/wp\/v2\/media?parent=1847"}],"curies":[{"name":"wp","href":"https:\/\/api.w.org\/{rel}","templated":true}]}}