{"id":58,"date":"2018-12-13T20:28:41","date_gmt":"2018-12-13T19:28:41","guid":{"rendered":"http:\/\/www.besancon-sport-airsoft.com\/2018\/?page_id=58"},"modified":"2018-12-25T21:14:19","modified_gmt":"2018-12-25T20:14:19","slug":"le-parainage","status":"publish","type":"page","link":"https:\/\/www.besancon-sport-airsoft.com\/2018\/le-parainage\/","title":{"rendered":"Le parrainage"},"content":{"rendered":"\n<p>Afin d&rsquo;am\u00e9liorer la qualit\u00e9 d&rsquo;accueil des membres de la BSA aupr\u00e8s des nouveaux joueurs\/invit\u00e9s, nous avons d\u00e9cid\u00e9 de mettre en place un syst\u00e8me de parrainage.<br><br>Ce syst\u00e8me est la pour conserver l&rsquo;\u00e9tat d&rsquo;esprit de notre association, ainsi que pour g\u00e9rer au mieux, le flux de personnes transitant au sein de notre activit\u00e9 d&rsquo;airsoft.<br><br>Pour faire simple, chaque nouveau joueur pourra acc\u00e9der \u00e0 notre terrain et profiter pleinement des ressources de l&rsquo;association qu&rsquo;a partir du moment ou, il deviendra membre de l&rsquo;association.<br><br>L&rsquo;int\u00e9gration au sein de l&rsquo;association n\u00e9cessitera un parrainage individuel de chaque nouveau joueur.<\/p>\n\n\n\n<h3 class=\"wp-block-heading\">Le filleul :<\/h3>\n\n\n\n<p>Chaque nouveau d\u00e9sirant d\u00e9couvrir et pratiquer l&rsquo;airsoft, au sein de la BSA, devra devenir filleul et suivre ces quelques r\u00e8gles:<br><br>1: Se pr\u00e9senter sur le forum via les post \u00ab\u00a0<a href=\"http:\/\/www.besancon-sport-airsoft.com\/2018\/community\/presentez-vous\/\">Presentez-vous<\/a>\u00a0\u00bb .<br>2: S&rsquo;informer sur les r\u00e8gles du forum, et r\u00e8gles de l&rsquo;association (Documents officiels).<br>3: Faire sa demande de participation directement sur le topic de la partie. Un parrain lui sera trouv\u00e9 sur place.<br>4: Venir \u00e0 la partie (info sur le d\u00e9roulement ci-dessous).<br>5: Sur le forum, le parrain lui transmettra le r\u00e9sultat de sa journ\u00e9e de parrainage.<br>6: Une fois que son parrainage est valid\u00e9, il doit donner l&rsquo;ensemble des documents permettant l&rsquo;adh\u00e9sion \u00e0 l&rsquo;association \u00e0 la prochaine partie qu&rsquo;il effectuera.<\/p>\n\n\n\n<h3 class=\"wp-block-heading\">Le parrain :<\/h3>\n\n\n\n<p>Chaque membre de BSA (avec suffisamment d&rsquo;exp\u00e9rience de jeu) pourra se proposer pour devenir parrain en respectant ces quelques r\u00e8gles:<br><br>1: Un parrain est un membre officiel de BSA (avec suffisamment d&rsquo;exp\u00e9rience de jeu, c&rsquo;est \u00e0 dire pas un jeune membre)<br>2: On devient parrain si on le d\u00e9sire.<br>3: On ne peut pas \u00eatre le parrain de quelqu&rsquo;un que l&rsquo;on ram\u00e8ne en tant qu&rsquo; invit\u00e9.<br>4: Chaque filleul sera attribu\u00e9 pour un laps de temps (ou nombre de parties) \u00e0 1 parrain (celui peut changer en cas d&rsquo;absence du parrain)<br>5: Un parrain pourrait s&rsquo;occuper de plusieurs filleuls mais pas en m\u00eame temps (c&rsquo;est \u00e0 dire pas pendant la m\u00eame journ\u00e9e)<\/p>\n\n\n\n<h2 class=\"wp-block-heading\">La journ\u00e9e de parrainage :<\/h2>\n\n\n\n<p>Sur le terrain<br>&#8211; Prise de contact entre Parrain et filleul (1\/2 heure avant le d\u00e9but de la partie d&rsquo;airsoft au Bois 0 serait le top)<br>&#8211; Pr\u00e9sentation des diff\u00e9rentes zones de jeu\u00a0<br>&#8211; Rappels des r\u00e8gles de s\u00e9curit\u00e9\u00a0<br>&#8211; Pr\u00e9sentation orale des membres et des joueurs de la journ\u00e9e\u00a0<br>&#8211; Passage au chrony du ou des lanceur(s) du filleul\u00a0<br>&#8211; Test des moyens de protection oculaire en cas de doute<br>&#8211; Notion de distance de s\u00e9curit\u00e9\u00a0<br>&#8211; Explication de la r\u00e8gle du \u00ab\u00a0Out\u00a0\u00bb vocal.<br><br>Premi\u00e8re partie de la journ\u00e9e<br>&#8211; Participation en tant qu&rsquo;observateur du filleul (gilet jaune et protection) et \u00e9ventuellement du parrain, pour une explication globale du jeu en temps r\u00e9el<br><br>Parties suivantes<br>&#8211; Participation du parrain et filleul en bin\u00f4me\u00a0<br>&#8211; Le filleul sera \u00e9ventuellement laiss\u00e9 seul pour \u00e9voluer librement au cours de(s) derni\u00e8re(s) partie(s) selon l&rsquo;appr\u00e9ciation du parrain<br><br>fin de journ\u00e9e<br>-Debriefing<br><br>A savoir, que seul un membres BSA, sera autoris\u00e9 \u00e0 participer, avec BSA, \u00e0 une partie ext\u00e9rieure \u00e0 l&rsquo;asso, parties organis\u00e9es inter asso.<br><br>Quelques liens pour les modalit\u00e9s d&rsquo;inscription et code de bonne conduite.<br>Pr\u00e9sentation \/ inscription<br>Code de bonne conduite<br>Documents officiels<\/p>\n","protected":false},"excerpt":{"rendered":"<p>Afin d&rsquo;am\u00e9liorer la qualit\u00e9 d&rsquo;accueil des membres de la BSA aupr\u00e8s des nouveaux joueurs\/invit\u00e9s, nous avons d\u00e9cid\u00e9 de mettre en place un syst\u00e8me de parrainage. Ce syst\u00e8me est la pour conserver l&rsquo;\u00e9tat d&rsquo;esprit de notre association, ainsi que pour g\u00e9rer au mieux, le flux de personnes transitant au sein de notre activit\u00e9 d&rsquo;airsoft. Pour faire [&hellip;]<\/p>\n","protected":false},"author":1,"featured_media":0,"parent":0,"menu_order":0,"comment_status":"closed","ping_status":"closed","template":"","meta":{"ngg_post_thumbnail":0,"footnotes":""},"class_list":["post-58","page","type-page","status-publish","hentry"],"_links":{"self":[{"href":"https:\/\/www.besancon-sport-airsoft.com\/2018\/wp-json\/wp\/v2\/pages\/58","targetHints":{"allow":["GET"]}}],"collection":[{"href":"https:\/\/www.besancon-sport-airsoft.com\/2018\/wp-json\/wp\/v2\/pages"}],"about":[{"href":"https:\/\/www.besancon-sport-airsoft.com\/2018\/wp-json\/wp\/v2\/types\/page"}],"author":[{"embeddable":true,"href":"https:\/\/www.besancon-sport-airsoft.com\/2018\/wp-json\/wp\/v2\/users\/1"}],"replies":[{"embeddable":true,"href":"https:\/\/www.besancon-sport-airsoft.com\/2018\/wp-json\/wp\/v2\/comments?post=58"}],"version-history":[{"count":6,"href":"https:\/\/www.besancon-sport-airsoft.com\/2018\/wp-json\/wp\/v2\/pages\/58\/revisions"}],"predecessor-version":[{"id":139,"href":"https:\/\/www.besancon-sport-airsoft.com\/2018\/wp-json\/wp\/v2\/pages\/58\/revisions\/139"}],"wp:attachment":[{"href":"https:\/\/www.besancon-sport-airsoft.com\/2018\/wp-json\/wp\/v2\/media?parent=58"}],"curies":[{"name":"wp","href":"https:\/\/api.w.org\/{rel}","templated":true}]}}