{"id":78,"date":"2018-12-16T19:40:46","date_gmt":"2018-12-16T18:40:46","guid":{"rendered":"http:\/\/www.besancon-sport-airsoft.com\/2018\/?page_id=78"},"modified":"2025-12-12T11:22:13","modified_gmt":"2025-12-12T10:22:13","slug":"envie-dessayer","status":"publish","type":"page","link":"https:\/\/www.besancon-sport-airsoft.com\/2018\/envie-dessayer\/","title":{"rendered":"Vous souhaitez essayer l&rsquo;airsoft et nous rejoindre ?"},"content":{"rendered":"\n<p>     La <strong>premi\u00e8re <\/strong>\u00e9tape est de se pr\u00e9senter sur notre forum ici : section \u00ab\u00a0<a rel=\"noreferrer noopener\" href=\"http:\/\/www.besancon-sport-airsoft.com\/2018\/community\/presentez-vous\/\" target=\"_blank\">pr\u00e9sentez vous<\/a>\u00a0\u00bb du forum (avec votre pseudo\/surnom en nom de topic).<\/p>\n\n\n\n<p>Vous pouvez aussi nous rejoindre sur le Discord de l&rsquo;association ici : <a href=\"https:\/\/discord.gg\/dSnkXf4sDD\">https:\/\/discord.gg\/dSnkXf4sDD<\/a><\/p>\n\n\n\n<p><a href=\"http:\/\/theoldbsa.com\/smf\/index.php?board=4.0\"><br><\/a>Cette pr\u00e9sentation est <strong><u>obligatoire<\/u> <\/strong>pour toutes les personnes voulant participer \u00e0 une de nos parties.<\/p>\n\n\n\n<p class=\"has-small-font-size\"><em>Par s\u00e9curit\u00e9, tout les liens utilis\u00e9s dans le premier post sont supprim\u00e9s automatiquement, n&rsquo;h\u00e9sitez pas \u00e0 \u00e9diter votre pr\u00e9sentation une fois publi\u00e9e si vous souhaitez ajouter une photo ou tout lien URL.<\/em><\/p>\n\n\n\n<p>     La <strong>seconde <\/strong>\u00e9tape est de faire parvenir <strong><u>obligatoirement<\/u> <\/strong>les documents suivant \u00e0 l&rsquo;adresse : <\/p>\n\n\n\n<p>bsa.inscription@hotmail.com <\/p>\n\n\n\n<p class=\"has-small-font-size\"><em>Pensez bien \u00e0 mettre votre pseudo en objet du mail.<\/em><\/p>\n\n\n\n<ul class=\"wp-block-list\">\n<li>Un scan votre <strong><u>carte nationale d&rsquo;identit\u00e9<\/u><\/strong> (ceci ayant pour but de s&rsquo;assurer que vous \u00eates majeur <em>(plus d&rsquo;info en fin de page)<\/em>)<\/li>\n\n\n\n<li>Une <strong><u>attestation de votre responsabilit\u00e9 civile <\/u><\/strong><\/li>\n<\/ul>\n\n\n\n<p>     Une fois ces \u00e9tapes accomplies et v\u00e9rifi\u00e9es par un membre du comit\u00e9, vous aurez la possibilit\u00e9 de vous inscrire en invit\u00e9 lors d&rsquo;une de nos parties \u00e0 cet endroit : section \u00ab\u00a0<a href=\"https:\/\/www.besancon-sport-airsoft.com\/2018\/nos-games\/\" data-type=\"URL\" data-id=\"https:\/\/www.besancon-sport-airsoft.com\/2018\/nos-games\/\" target=\"_blank\" rel=\"noreferrer noopener\">nos rendez-vous<\/a>\u00a0\u00bb du forum (un membre du comit\u00e9 validera votre inscription). <\/p>\n\n\n\n<p><strong>Si vous rencontrez le message \u00ab\u00a0Afin de participer, merci de proc\u00e9der\u2026\u00a0\u00bb Alors vous n&rsquo;avez soit pas compl\u00e9t\u00e9 une des deux \u00e9tapes, soit elles n&rsquo;ont pas encore \u00e9t\u00e9 v\u00e9rifi\u00e9s par un administrateur<\/strong>.<\/p>\n\n\n\n<p>Lors de votre premi\u00e8re partie, vous pourrez essayer l&rsquo;activit\u00e9 ainsi que nous rencontrer. Si cela vous plait et que vous voulez rejoindre BSA, vous effectuerez une second partie ou vous ferez votre parrainage.<\/p>\n\n\n\n<p><strong>Pour la s\u00e9curit\u00e9 de tous l&rsquo;acc\u00e8s aux terrain est strictement interdit sans le port\/possession de lunette de s\u00e9curit\u00e9 aux normes au moins EN166B.<\/strong><\/p>\n\n\n\n<p class=\"has-small-font-size\"><em>Pour information, nous n&rsquo;acceptons qu&rsquo;un nombre limit\u00e9 d&rsquo;invit\u00e9 \u00e0 chaque partie, il est donc obligatoire de passer par le syst\u00e8me d&rsquo;inscription sur le topic de la partie en question.<\/em><\/p>\n\n\n\n<p>Une fois votre second partie effectu\u00e9e avec votre Parrain. Ce dernier fera un compte-rendu aux autres membres de l&rsquo;association et donnera son aval pour votre entr\u00e9e \u00e0 la BSA.<\/p>\n\n\n\n<p>\u00c0 ce moment il ne vous restera plus qu&rsquo;a transmettre <\/p>\n\n\n\n<ul class=\"wp-block-list\">\n<li>La <strong><strong><a href=\"https:\/\/www.besancon-sport-airsoft.com\/2018\/wp-content\/uploads\/2025\/05\/Fiche_d_inscription_BSA_2025.pdf\" data-type=\"URL\" data-id=\"https:\/\/www.besancon-sport-airsoft.com\/2018\/wp-content\/uploads\/2022\/04\/Fiche_d_inscription_-20221-1.pdf\" target=\"_blank\" rel=\"noreferrer noopener\">Fiche d\u2019inscription<\/a> <\/strong><\/strong>d\u00fbment compl\u00e9t\u00e9e avec photographie d\u2019identit\u00e9.<em> (ne pas oublier le pseudo!!)<\/em><\/li>\n<\/ul>\n\n\n\n<ul class=\"wp-block-list\">\n<li>La cotisation que vous pourrez envoyer \u00e0 : P<span style=\"font-size: revert; color: initial;\">aypal@besancon-sport-airsoft.com<\/span><\/li>\n<\/ul>\n\n\n\n<p>La cotisation est de 30 euros<\/p>\n\n\n\n<p><\/p>\n\n\n\n<p><strong>Si vous avez des questions, ou que vous souhaiteriez plus d&rsquo;informations,<br>N&rsquo;h\u00e9sitez pas \u00e0 venir sur <a rel=\"noreferrer noopener\" href=\"http:\/\/www.besancon-sport-airsoft.com\/2018\/community\/\" target=\"_blank\">notre forum<\/a> ou sur le <a href=\"https:\/\/discord.gg\/dSnkXf4sDD\" target=\"_blank\" rel=\"noreferrer noopener\">Discord<\/a>. De nombreux membres pourront sans doute vous r\u00e9pondre.<\/strong><\/p>\n\n\n\n<figure class=\"wp-block-table\"><table><tbody><tr><td><strong>Rappel de la position de l&rsquo;association concernant les mineurs :<br><\/strong>(r\u00e9union du comit\u00e9 du 26 janvier 2011)<br>La loi fran\u00e7aise sur la pratique de l&rsquo;airsoft pour les mineurs \u00e9tant <strong>ambigus<\/strong>, l&rsquo;association a d\u00e9cid\u00e9, comme la plupart des autres associations, que les mineurs ne pouvait entrer dans l&rsquo;association ou jouer lors de nos parties (m\u00eame en tant qu&rsquo;invit\u00e9).&nbsp;<br>L&rsquo;acc\u00e8s au terrain en tant qu&rsquo;observateur est autoris\u00e9 pour les personnes devenant majeur prochainement (maximum 6 mois).<br>L&rsquo;inscription au forum est ouverte d\u00e8s 16 ans, mais l&rsquo;association condamne tout propos incitant au non-respect des lois fran\u00e7aises, ou un non-respect des lois fran\u00e7aises.<\/td><\/tr><\/tbody><\/table><\/figure>\n","protected":false},"excerpt":{"rendered":"<p>La premi\u00e8re \u00e9tape est de se pr\u00e9senter sur notre forum ici : section \u00ab\u00a0pr\u00e9sentez vous\u00a0\u00bb du forum (avec votre pseudo\/surnom en nom de topic). Vous pouvez aussi nous rejoindre sur le Discord de l&rsquo;association ici : https:\/\/discord.gg\/dSnkXf4sDD Cette pr\u00e9sentation est obligatoire pour toutes les personnes voulant participer \u00e0 une de nos parties. Par s\u00e9curit\u00e9, tout [&hellip;]<\/p>\n","protected":false},"author":100,"featured_media":0,"parent":0,"menu_order":0,"comment_status":"closed","ping_status":"closed","template":"","meta":{"ngg_post_thumbnail":0,"footnotes":""},"class_list":["post-78","page","type-page","status-publish","hentry"],"_links":{"self":[{"href":"https:\/\/www.besancon-sport-airsoft.com\/2018\/wp-json\/wp\/v2\/pages\/78","targetHints":{"allow":["GET"]}}],"collection":[{"href":"https:\/\/www.besancon-sport-airsoft.com\/2018\/wp-json\/wp\/v2\/pages"}],"about":[{"href":"https:\/\/www.besancon-sport-airsoft.com\/2018\/wp-json\/wp\/v2\/types\/page"}],"author":[{"embeddable":true,"href":"https:\/\/www.besancon-sport-airsoft.com\/2018\/wp-json\/wp\/v2\/users\/100"}],"replies":[{"embeddable":true,"href":"https:\/\/www.besancon-sport-airsoft.com\/2018\/wp-json\/wp\/v2\/comments?post=78"}],"version-history":[{"count":34,"href":"https:\/\/www.besancon-sport-airsoft.com\/2018\/wp-json\/wp\/v2\/pages\/78\/revisions"}],"predecessor-version":[{"id":2186,"href":"https:\/\/www.besancon-sport-airsoft.com\/2018\/wp-json\/wp\/v2\/pages\/78\/revisions\/2186"}],"wp:attachment":[{"href":"https:\/\/www.besancon-sport-airsoft.com\/2018\/wp-json\/wp\/v2\/media?parent=78"}],"curies":[{"name":"wp","href":"https:\/\/api.w.org\/{rel}","templated":true}]}}