{"id":85,"date":"2018-12-16T20:05:40","date_gmt":"2018-12-16T19:05:40","guid":{"rendered":"http:\/\/www.besancon-sport-airsoft.com\/2018\/?page_id=85"},"modified":"2018-12-25T21:08:08","modified_gmt":"2018-12-25T20:08:08","slug":"quest-ce-que-cest","status":"publish","type":"page","link":"https:\/\/www.besancon-sport-airsoft.com\/2018\/quest-ce-que-cest\/","title":{"rendered":"Qu&rsquo;est ce que c&rsquo;est?"},"content":{"rendered":"\n<h1 class=\"wp-block-heading\">L&rsquo;histoire de l&rsquo;AirSoft en g\u00e9n\u00e9rale<\/h1>\n\n\n\n<p>L&rsquo;airsoft d\u00e9bute au Japon dans les ann\u00e9es 70 o\u00f9 les collectionneurs ne pouvaient pas poss\u00e9der des armes r\u00e9elles car la loi Niponne l&rsquo;interdisait. C&rsquo;est pour cette raison que des r\u00e9pliques d&rsquo;armes \u00e0 feu populaire \u00e0 l&rsquo;\u00e9chelle 1:1 ont \u00e9t\u00e9 d\u00e9v\u00e9lop\u00e9es. Au vu de l&rsquo;engouement de certains, le jeu s\u2019est largement d\u00e9velopp\u00e9 et est aujourd\u2019hui connu du monde entier.<\/p>\n\n\n\n<p>Les premi\u00e8res r\u00e9pliques apparaissent dans les ann\u00e9es 80 sur le march\u00e9. Elles \u00e9taient tr\u00e8s simples dans un premier temps et elles ne pouvaient, le plus souvent, tirer que quelques billes . Une marque Japonaise, TOKYO MARUI (tr\u00e8s connu de nos jour), commercialise ses premiers AEG (Automatic Electric Gun) avec la sortie dans un premier temps d&rsquo;une r\u00e9plique du Famas et une autre du Car-15 pour \u00e9tendre ensuite sa gamme de produits \u00e0 plusieurs dizaines de r\u00e9pliques.<\/p>\n\n\n\n<p>Les \u00e9quipes fran\u00e7aises tendent aujourd\u2019hui vers une reconnaissance plus officielle en cr\u00e9ant des associations loi 1901 et souscrivant \u00e0 des assurances. Internet contribue largement \u00e0 l\u2019essor de cette discipline et les airsofteurs se rencontrent gr\u00e2ce aux divers forums nationaux ou r\u00e9gionaux.<\/p>\n\n\n\n<p>Source : Wikip\u00e9dia<\/p>\n\n\n\n<h1 class=\"wp-block-heading\">Les Air-Soft Gun en France<\/h1>\n\n\n\n<p>Les premiers Air Soft Gun arrivent en France vers 1983-84 ; il n&rsquo;y alors aucun importateur officiel, ni r\u00e9gulier. Les r\u00e9pliques viennent d&rsquo;Angleterre ou d&rsquo;Italie o\u00f9 le mouvement est plus d\u00e9velopp\u00e9. Ce n&rsquo;est qu&rsquo;en 1989-90 que les Air Soft sont import\u00e9s en masse et vendus exclusivement dans les magasins de maquettisme sous la marque Academy, car il sont commercialis\u00e9s sous forme de kit. Leur qualit\u00e9 est m\u00e9diocre.<\/p>\n\n\n\n<p>Ce n&rsquo;est que deux ans plus tard que les Air Soft de marque et de qualit\u00e9s sont disponibles en France mais que dans un seul magasin, \u00e0 Paris, chez Eurosurplus. C&rsquo;est un importateur belge, \u00ab\u00a0Hobby Gun Import\u00a0\u00bb qui fournit le magasin avec des r\u00e9pliques de la meilleur marque Japonaise : Maru\u00ef. En 93, une soci\u00e9t\u00e9 issue du mod\u00e9lisme, 3P, se lance dans la distribution des Air Soft Gun en France. D\u00e8s 95, 3P est la premi\u00e8re soci\u00e9t\u00e9 \u00e0 n\u00e9gocier des concessions de licence avec les plus grandes marques du secteur des armes. Le fruit de ce travail est r\u00e9compens\u00e9 d\u00e9but 1997 avec la signature de la marque Smith &amp; Wesson, suivie par Walther et Sig Sauer. Un grand nombre de marques suivra (Colt, Desert Eagle, Uzi, Springfield armory, Taurus, Famas, AK47 &#8230;). Gr\u00e2ce \u00e0 ses licences et d\u00e9veloppement du march\u00e9, 3P est aujourd&rsquo;hui devenu le leader mondial de l&rsquo;Air Soft.<\/p>\n\n\n\n<p>Source : Soft Air Mag<\/p>\n\n\n\n<figure class=\"wp-block-image\"><a href=\"http:\/\/veronikaforce.free.fr\/Info\/Illustrations\/M4525.JPG\"><img decoding=\"async\" src=\"http:\/\/veronikaforce.free.fr\/Info\/Illustrations\/M4525p.gif\" alt=\"image introuvable\"\/><\/a><\/figure>\n\n\n\n<hr class=\"wp-block-separator\"\/>\n\n\n\n<h1 class=\"wp-block-heading\">Les principes de l&rsquo;AirSoft<\/h1>\n\n\n\n<p>Ce jeu oppose en g\u00e9n\u00e9ral deux \u00e9quipes dont les joueurs sont munis d&rsquo;un masque ou de lunettes de protection (obligatoires) et d\u2019une r\u00e9plique d\u2019arme propulsant par gaz ou air comprim\u00e9 des billes de 6 mm ou 8 mm en plastique, parfois en rafale. Les projectiles utilis\u00e9s ne contiennent pas de peinture et le jeu repose donc uniquement sur le fair-play.<\/p>\n\n\n\n<p>Le principe de fonctionnement est tr\u00e8s simple et ressemble \u00e0 celui des pistolets \u00e0 plomb. Ici le projectile est en plastique, de formes sph\u00e9rique, d&rsquo;un diam\u00e8tre de 6mm, bien plus l\u00e9ger qu&rsquo;un plomb (0,2g contre 0,5g) et sa vitesse ( en g\u00e9n\u00e9ral ) n&rsquo;est pas aussi \u00e9lev\u00e9e (entre 50 et 120 m\/s) . Ces diff\u00e9rences permettent de pratiquer les joies du tir r\u00e9cr\u00e9atif en int\u00e9rieur sans risque majeurs. En effet, les BB &#8211; c&rsquo;est ainsi qu&rsquo;on appelle ces petites billes en PVC ou en amidon sont propuls\u00e9es par de l&rsquo;air comprim\u00e9.<\/p>\n\n\n\n<p>Il existe <a href=\"http:\/\/www.besancon-sport-airsoft.com\/2018\/les-types-de-repliques\/\">diff\u00e9rents types d&rsquo;Air Soft Gun<\/a> qui sont class\u00e9s d&rsquo;apr\u00e8s leur mode de fonctionnement :<\/p>\n\n\n\n<ul class=\"wp-block-list\"><li>les \u00ab\u00a0manuels\u00a0\u00bb<\/li><li>les \u00ab\u00a0gaz \u00e0 culasse fixe\u00a0\u00bb<\/li><li>les \u00ab\u00a0gaz \u00e0 culasse mobile\u00a0\u00bb<\/li><li>les \u00ab\u00a0\u00e9lectriques \u00ab\u00a0<\/li><\/ul>\n\n\n\n<p>Tous sont des r\u00e9pliques tr\u00e8s exactes d&rsquo;armes \u00e0 feu existantes que l&rsquo;on croise r\u00e9guli\u00e8rement sur les petits et grands \u00e9crans. En cela, ils se diff\u00e9rencient des \u00ab\u00a0lanceurs\u00a0\u00bb de Paintball, qui sortent plut\u00f4t de Science Fiction, et ils ne sont pas con\u00e7us \u00e0 la base, pour tirer des billes marquantes de peinture. Contrairement aux id\u00e9es re\u00e7ues, les lanceurs de type airsoft d\u00e9veloppent une moins forte puissance que les lanceurs de paintball (plus connu) gr\u00e2ce \u00e0 la faible masse des billes. Avec l&rsquo;exp\u00e9rience acquise par les fabricants au fil des ann\u00e9es, on se retrouve maintenant avec des r\u00e9pliques de plus en plus parfaites.<\/p>\n\n\n\n<p>De formes et d&rsquo;aspect parfois al\u00e9atoires au d\u00e9but des ann\u00e9es 80, nous sommes arriv\u00e9s aujourd&rsquo;hui \u00e0 des r\u00e9pliques si bonnes, que parfois les diff\u00e9rencier de leurs originaux est mission impossible m\u00eame pour des amateurs avertis. La pr\u00e9cision et les distances de tir ont sensiblement augment\u00e9es, les billes ne rebondissent plus sur des cibles en papier \u00e0 5 m\u00e8tres, bien au contraire, il n&rsquo;est plus rare de faire des bons groupement \u00e0 une dizaine de m\u00e8tres. Avec un peu d&rsquo;entra\u00eenement, les bo\u00eetes de conserve font de jolis bruits jusqu&rsquo;\u00e0 15 m\u00e8tres. Encore plus fort, certains mod\u00e8les ont un d\u00e9montage sommaire identique \u00e0 leur originaux et le fonctionnement des arr\u00eatoirs de culasse et autres s\u00e9curit\u00e9s sont devenus fonctionnels.<\/p>\n\n\n\n<p>On peut constater que les armes r\u00e9elles sont ainsi repr\u00e9sent\u00e9es dans les cat\u00e9gories de r\u00e9pliques :<\/p>\n\n\n\n<ul class=\"wp-block-list\"><li>Les armes de poing sont en majorit\u00e9 des manuels ou des gaz. On peut aussi trouver une bonne part de pistolets mitrailleurs de taille r\u00e9duite.<\/li><li>Les autres PM (pistolets mitrailleurs) et les fusils d&rsquo;assaut sont g\u00e9n\u00e9ralement tous des r\u00e9pliques \u00e9lectriques. Cependant, les manuels, qui sont les pr\u00e9curseurs, englobent une large gamme d&rsquo;armes longues. La tendance actuelle des fabricants est au r\u00e9alisme pouss\u00e9. Non contents d&rsquo;avoir une ressemblance visuelle avec une arme, les m\u00e9canisme des r\u00e9pliques sont con\u00e7us pour \u00eatre presque semblables. Les mat\u00e9riaux utilis\u00e9s sont \u00e9tudier pour combiner solidit\u00e9 et r\u00e9alisme en aspect, au toucher et en poids. La mode des armes r\u00e9elles modernes utilisant une bonne part de mat\u00e9riaux composites facilite grandement la t\u00e2che des fabricants d&rsquo;Air Soft Gun.<\/li><\/ul>\n\n\n\n<p>C\u00f4t\u00e9 performances et balistique, il est apparu divers syst\u00e8mes pour am\u00e9liorer la pr\u00e9cision et la port\u00e9e. De toutes ces innovations, il en est une qui s&rsquo;est d\u00e9tach\u00e9e du lot et est devenue incontournable : le Hop-Up.<\/p>\n\n\n\n<p>Ce syst\u00e8me permet, gr\u00e2ce \u00e0 un joint sp\u00e9cial, d&rsquo;augmenter la port\u00e9e d&rsquo;un Air Soft. Un mouvement giratoire oppos\u00e9 \u00e0 la direction du tir est donn\u00e9 \u00e0 la bille. Comme pour l&rsquo;aile d&rsquo;un avion : l&rsquo;air est acc\u00e9l\u00e9r\u00e9 au dessus de la bille par sa mise en rotation. Cet effet cr\u00e9e une d\u00e9pression au dessus de la bille et lui donne donc une certaine portance dans l&rsquo;air. La distance de base est augment\u00e9e de l&rsquo;ordre de 30 \u00e0 50 %. La trajectoire de la bille est caract\u00e9ris\u00e9e par une courbe tr\u00e8s allong\u00e9e l\u00e9g\u00e8rement montante sur le d\u00e9but. On a l&rsquo;impression d&rsquo;une sorte de flottement de la bille sur l&rsquo;air. Ce syst\u00e8me, fixe au d\u00e9but de son apparition sur les Air Soft, est maintenant r\u00e9glable sur une partie des mod\u00e8les en fonction du poids des billes utilis\u00e9es.<\/p>\n\n\n\n<figure class=\"wp-block-image\"><img decoding=\"async\" src=\"http:\/\/veronikaforce.free.fr\/Info\/Illustrations\/hop_upp.gif\" alt=\"image introuvable\"\/><\/figure>\n\n\n\n<p>Sch\u00e9ma du hop-up<\/p>\n\n\n\n<hr class=\"wp-block-separator\"\/>\n\n\n\n<h1 class=\"wp-block-heading\">Les billes<\/h1>\n\n\n\n<p>Il existe un point commun entre tous les Air-Soft : la bille de 6 mm BB (il existe certes quelques mod\u00e8les en 8 mm mais ils sont rares, haut de gamme et donc tr\u00e8s co\u00fbteux).<\/p>\n\n\n\n<p>Il y a diff\u00e9rents types de billes qui varient suivant leur poids et leur qualit\u00e9. Trois poids sont majoritairement utilis\u00e9es : 0,12 g ; 0,20 g ; et 0,25 g. A noter qu&rsquo;il existe un poids interm\u00e9diaire de 0,23 g et plusieurs au-dessus de 0,25 g pour le tir de pr\u00e9cision. Le plus l\u00e9ger ne convient qu&rsquo;aux Air Soft ayant une faible v\u00e9locit\u00e9. Le poids normalis\u00e9 est de 0,20 g, il convient \u00e0 80 % des Air Soft. Pour accro\u00eetre la pr\u00e9cision et affiner la trajectoire, on peut se servir des billes de 0,25 g.<\/p>\n\n\n\n<p>La qualit\u00e9 est un des points les plus importants pour obtenir une pr\u00e9cision acceptable, mais c&rsquo;est aussi souvent l&rsquo;aspect le plus n\u00e9glig\u00e9. La bille doit \u00eatre la plus ronde et lisse possible.<\/p>\n\n\n\n<figure class=\"wp-block-image\"><a href=\"http:\/\/veronikaforce.free.fr\/Info\/Illustrations\/billes.jpg\"><img decoding=\"async\" src=\"http:\/\/veronikaforce.free.fr\/Info\/Illustrations\/billesp.gif\" alt=\"image intouvable\"\/><\/a><\/figure>\n\n\n\n<p>A gauche, des billes de mauvaise qualit\u00e9 ou endommag\u00e9es ; et \u00e0 droite, de tr\u00e8s bonnes billes<\/p>\n","protected":false},"excerpt":{"rendered":"<p>L&rsquo;histoire de l&rsquo;AirSoft en g\u00e9n\u00e9rale L&rsquo;airsoft d\u00e9bute au Japon dans les ann\u00e9es 70 o\u00f9 les collectionneurs ne pouvaient pas poss\u00e9der des armes r\u00e9elles car la loi Niponne l&rsquo;interdisait. C&rsquo;est pour cette raison que des r\u00e9pliques d&rsquo;armes \u00e0 feu populaire \u00e0 l&rsquo;\u00e9chelle 1:1 ont \u00e9t\u00e9 d\u00e9v\u00e9lop\u00e9es. Au vu de l&rsquo;engouement de certains, le jeu s\u2019est largement [&hellip;]<\/p>\n","protected":false},"author":21,"featured_media":0,"parent":0,"menu_order":0,"comment_status":"closed","ping_status":"closed","template":"","meta":{"ngg_post_thumbnail":0,"footnotes":""},"class_list":["post-85","page","type-page","status-publish","hentry"],"_links":{"self":[{"href":"https:\/\/www.besancon-sport-airsoft.com\/2018\/wp-json\/wp\/v2\/pages\/85","targetHints":{"allow":["GET"]}}],"collection":[{"href":"https:\/\/www.besancon-sport-airsoft.com\/2018\/wp-json\/wp\/v2\/pages"}],"about":[{"href":"https:\/\/www.besancon-sport-airsoft.com\/2018\/wp-json\/wp\/v2\/types\/page"}],"author":[{"embeddable":true,"href":"https:\/\/www.besancon-sport-airsoft.com\/2018\/wp-json\/wp\/v2\/users\/21"}],"replies":[{"embeddable":true,"href":"https:\/\/www.besancon-sport-airsoft.com\/2018\/wp-json\/wp\/v2\/comments?post=85"}],"version-history":[{"count":3,"href":"https:\/\/www.besancon-sport-airsoft.com\/2018\/wp-json\/wp\/v2\/pages\/85\/revisions"}],"predecessor-version":[{"id":134,"href":"https:\/\/www.besancon-sport-airsoft.com\/2018\/wp-json\/wp\/v2\/pages\/85\/revisions\/134"}],"wp:attachment":[{"href":"https:\/\/www.besancon-sport-airsoft.com\/2018\/wp-json\/wp\/v2\/media?parent=85"}],"curies":[{"name":"wp","href":"https:\/\/api.w.org\/{rel}","templated":true}]}}