{"id":88,"date":"2018-12-16T20:05:09","date_gmt":"2018-12-16T19:05:09","guid":{"rendered":"http:\/\/www.besancon-sport-airsoft.com\/2018\/?page_id=88"},"modified":"2018-12-25T21:13:22","modified_gmt":"2018-12-25T20:13:22","slug":"les-types-de-repliques","status":"publish","type":"page","link":"https:\/\/www.besancon-sport-airsoft.com\/2018\/les-types-de-repliques\/","title":{"rendered":"Les types de r\u00e9pliques"},"content":{"rendered":"\n<hr class=\"wp-block-separator\"\/>\n\n\n\n<h1 class=\"wp-block-heading\">Les Air Soft manuels<\/h1>\n\n\n\n<p>Ils repr\u00e9sentent l&rsquo;entr\u00e9e de gamme des Air Soft. Le principe de fonctionnement est simple, efficace et \u00e9prouv\u00e9 : un piston muni d&rsquo;un ressort comprime de l&rsquo;air et propulse un projectile. L&rsquo;action d&rsquo;armer la culasse bloque le piston en position arri\u00e8re ; la rel\u00e2cher (il faut la REL\u00c2CHER, pas la ramener sinon il y aura des probl\u00e8mes d&rsquo;alimentation comme sur les originaux&#8230;) fait monter une bille du chargeur dans la \u00ab\u00a0chambre\u00a0\u00bb du canon. Appuyer sur la d\u00e9tente propulse le piston, pouss\u00e9 par sont ressort, vers l&rsquo;avant et produit ainsi de l&rsquo;air comprim\u00e9.<\/p>\n\n\n\n<figure class=\"wp-block-image\"><a href=\"http:\/\/veronikaforce.free.fr\/Repliques\/Anciennes_artifices\/Taurus_PT92_fichiers\/Taurus_01.JPG\"><img decoding=\"async\" src=\"http:\/\/veronikaforce.free.fr\/Repliques\/Anciennes_artifices\/Taurus_PT92_fichiers\/Taurus_01p.gif\" alt=\"animation introuvable\"\/><\/a><\/figure>\n\n\n\n<p>Le Taurus PT92, relativement lourd et plut\u00f4t pr\u00e9cis mais&#8230; c&rsquo;est tout.<\/p>\n\n\n\n<p><\/p>\n\n\n\n<p><strong>les avantages :<\/strong><\/p>\n\n\n\n<p>Si la r\u00e9plique est manipul\u00e9e avec pr\u00e9caution, puisqu&rsquo;il s&rsquo;agit tout de m\u00eame de plastique, le fonctionnement et les pannes sont rares. Le m\u00e9canisme reste insensible aux conditions m\u00e9t\u00e9orologiques. Le co\u00fbt de fabrication est faible de par la simplicit\u00e9 du principe de fonctionnement.<\/p>\n\n\n\n<p><strong>les inconv\u00e9nients :<\/strong><\/p>\n\n\n\n<p>Il est n\u00e9cessaire de r\u00e9armer \u00e0 chaque tir et la pr\u00e9cision est moindre du fait de la faible vitesse des projectiles. En effet la quantit\u00e9 d&rsquo;air comprim\u00e9 est r\u00e9duite de par la petite taille du piston et la faiblesse relative du ressort qui doit \u00eatre comprimable par le plus grand nombre.<\/p>\n\n\n\n<hr class=\"wp-block-separator\"\/>\n\n\n\n<h1 class=\"wp-block-heading\">Les Air Soft Gun \u00e0 gaz \u00e0 culasse fixe<\/h1>\n\n\n\n<p>Ici l&rsquo;air comprim\u00e9 est remplac\u00e9 par un gaz propulseur sous pression (en fait un m\u00e9lange de plusieurs gaz et de silicone) . Le piston dispara\u00eet au profit d&rsquo;un m\u00e9canisme plus ou moins complexe muni d&rsquo;une valve qui lib\u00e9rera le gaz. Ce sont les premi\u00e8res r\u00e9pliques permettant un tir semi-automatique (un coup part \u00e0 chaque pression de la d\u00e9tente) . Une simple pression de 3 \u00e0 4 kg suffit suffit \u00e0 faire partir un coup. Au cours du d\u00e9placement de la d\u00e9tente vers l&rsquo;arri\u00e8re, le chien et le canon reculent. Ce dernier prend une bille dans le chargeur, puis \u00e0 la fin du mouvement, le chien se rabat et frappe une petite valve sur le magasin. Une \u00ab\u00a0gicl\u00e9e\u00a0\u00bb de gaz est lib\u00e9r\u00e9e dans le canon pour propulser la bille. Le gaz est contenu suivant les mod\u00e8les dans le chargeur ou la poign\u00e9e. Le r\u00e9servoir se remplit \u00e0 la mani\u00e8re d&rsquo;un briquet, par une petite valve, et contient g\u00e9n\u00e9ralement assez de gaz pour tirer la capacit\u00e9 en billes de 3 ou 4 chargeurs.<\/p>\n\n\n\n<p><strong>les avantages :<\/strong><\/p>\n\n\n\n<p>Le fonctionnement semi-automatique permet un tir plus rapide, plus r\u00e9aliste, plus pr\u00e9cis et plus distant, gr\u00e2ce aux propri\u00e9t\u00e9s d&rsquo;expansion et de compression du gaz, sup\u00e9rieures \u00e0 celles de l&rsquo;air comprim\u00e9 dans un piston arm\u00e9 manuellement.<\/p>\n\n\n\n<p><strong>les inconv\u00e9nients :<\/strong><\/p>\n\n\n\n<p>La culasse est fixe sur la plupart des mod\u00e8les ou ne sert qu&rsquo;\u00e0 mettre la premi\u00e8re bille dans la chambre du canon quand elle a un semblant de mobilit\u00e9. Le gaz est en fait stock\u00e9 en phase liquide dans le r\u00e9servoir et sa dilatation lors du tir provoque un abaissement de la temp\u00e9rature qui peut descendre en dessous de z\u00e9ro et peut geler le m\u00e9canisme. Certaines positions de tir (par exemple la t\u00eate du chargeur se trouvant vers le sol) sont \u00e0 proscrire sous peine d&rsquo;amener du gaz liquide directement dans le m\u00e9canisme et de d\u00e9t\u00e9riorer les \u00e9l\u00e9ments constitutifs, notamment les joints d&rsquo;\u00e9tanch\u00e9it\u00e9. La temp\u00e9rature ext\u00e9rieur joue sur les propri\u00e9t\u00e9s du gaz. Par temps froid, la dilatation se fait difficilement et le tir s&rsquo;en ressent (manque de vitesse du projectile) et il se peut que le tir soit impossible par temp\u00e9rature tr\u00e8s basse.<\/p>\n\n\n\n<p>A contrario, une temp\u00e9rature \u00e9lev\u00e9e accentue la dilatation et pour un m\u00eame temps d&rsquo;ouverture de la valve, une plus grande quantit\u00e9 de gaz est l\u00e2ch\u00e9e ; la vitesse du projectile est plus grande et le tir est plus pr\u00e9cis.<\/p>\n\n\n\n<hr class=\"wp-block-separator\"\/>\n\n\n\n<h1 class=\"wp-block-heading\">Les Air Soft Gun \u00e0 gaz \u00e0 culasse mobile dits \u00ab\u00a0Blow Back\u00a0\u00bb<\/h1>\n\n\n\n<p>Cette cat\u00e9gorie\trepr\u00e9sente le \u00a0\u00bb must \u00a0\u00bb en mati\u00e8re de r\u00e9pliques d&rsquo;armes de poing semi-automatiques. Non seulement le coup part \u00e0 chaque pression de la d\u00e9tente, mais le mouvement de va-et-vient de la culasse se produit comme avec l&rsquo;arme originale. Le mouvement plus ou moins sec suivant les mod\u00e8les permet de donner au tireur une sensation de recul. C&rsquo;est ce qu&rsquo;on appelle le \u00ab\u00a0blow back\u00a0\u00bb.<\/p>\n\n\n\n<p>Comme pour les \u00ab\u00a0gaz gun\u00a0\u00bb , le gaz est utilis\u00e9 pour la propulsion de la bille mais aussi pour le mouvement vers l&rsquo;arri\u00e8re de la culasse qui renferme en fait un v\u00e9rin pneumatique l\u00e0 o\u00f9 se trouve d&rsquo;ordinaire le percuteur. Celle-ci revient en avant sous l&rsquo;effet du ressort de rappel. Ainsi, ce fonctionnement est strictement semblable \u00e0 celui d&rsquo;une arme r\u00e9elle.<\/p>\n\n\n\n<figure class=\"wp-block-image\"><a href=\"http:\/\/veronikaforce.free.fr\/Repliques\/Sigma_fichiers\/sig03.JPG\"><img decoding=\"async\" src=\"http:\/\/veronikaforce.free.fr\/Info\/Illustrations\/Sig_anim.gif\" alt=\"animation introuvable\"\/><\/a><\/figure>\n\n\n\n<p>La culasse recule \u00e0 chaque tir et reste bloqu\u00e9e en arri\u00e8re quand le chargeur est vide<br><br><\/p>\n\n\n\n<p><strong>Les avantages :<\/strong><\/p>\n\n\n\n<p>Le r\u00e9alisme du tir est accentu\u00e9 par la sensation de recul. La cadence de tir peut \u00eatre plus grande que sur un \u00ab\u00a0gaz gun\u00a0\u00bb standard, certains mod\u00e8les tirent m\u00eame en rafale. La qualit\u00e9 de finition et la ressemblance avec le mod\u00e8le original sont quasiment parfaites. Le poids de d\u00e9part est plus faible par rapport aux vraies, environ 1,5 kg, et le d\u00e9montage sommaire est identique.<\/p>\n\n\n\n<p><strong>Les inconv\u00e9nients :<\/strong><\/p>\n\n\n\n<p>Le m\u00e9canisme est plus \u00e9labor\u00e9 donc plus fragile, ce qui entra\u00eene la n\u00e9cessit\u00e9 de manipuler ces r\u00e9pliques avec plus de pr\u00e9cautions. La consommation de gaz est accrue en raison du principe de fonctionnement. On retrouve les m\u00eames inconv\u00e9nients que pour les mod\u00e8les non \u00ab\u00a0blow back\u00a0\u00bb li\u00e9s \u00e0 l&rsquo;utilisation du gaz. l&rsquo;usure des pi\u00e8ces est plus rapide, mais la qualit\u00e9 g\u00e9n\u00e9rale des productions permettent une longue esp\u00e9rance de vie.<\/p>\n\n\n\n<hr class=\"wp-block-separator\"\/>\n\n\n\n<h1 class=\"wp-block-heading\">Les Air Soft Gun \u00e9lectriques<\/h1>\n\n\n\n<p>Dans cette derni\u00e8re cat\u00e9gorie, on retrouve le piston des manuels. Le mode de propulsion est identique aux manuels, toutefois ce n&rsquo;est pas l&rsquo;utilisateur qui r\u00e9arme le piston mais un moteur \u00e9lectrique. Un train d&rsquo;engrenage permet de faire reculer le piston puis il est propuls\u00e9 violemment vers l&rsquo;avant par le ressort. Un accumulateur fournit l&rsquo;\u00e9nergie n\u00e9cessaire au moteur.<\/p>\n\n\n\n<figure class=\"wp-block-image\"><img decoding=\"async\" src=\"http:\/\/theoldbsa.com\/smf\/illustrations_site\/gearbox_anim-gif.gif\" alt=\"\"\/><\/figure>\n\n\n\n<p>La taille du m\u00e9canisme est telle que cette cat\u00e9gorie ne comporte que des armes longues, la plus petite \u00e9tant un pistolet mitrailleur, le Heckler &amp; Koch MP5 k (mais \u00e0 ce jour sont n\u00e9s les pistolets \u00e9lectriques marchant \u00e0 piles avec un moteur miniature. Ils sont tr\u00e8s peu nombreux et peu puissant [0,2 J au maximum]) . Le tir est possible au coup par coup et en rafales, voire en rafales de trois sur certains mod\u00e8les. La cadence de tir est de l&rsquo;ordre de 700 \u00e0 900 cpm (coups par minute) soit de 12 \u00e0 15 billes \u00e0 la seconde selon les mod\u00e8les ! La pr\u00e9cision est meilleur et la distance de tir accrue par rapport \u00e0 la totalit\u00e9 des autres r\u00e9pliques. Le principe m\u00e9canique ne permet pas un d\u00e9montage sommaire identique \u00e0 l&rsquo;original, mais l&rsquo;aspect ext\u00e9rieur est saisissant de r\u00e9alisme. Pour preuve, la majorit\u00e9 des accessoires con\u00e7us pour les armes s&rsquo;adaptent parfaitement aux r\u00e9pliques.<\/p>\n\n\n\n<figure class=\"wp-block-image\"><a href=\"http:\/\/veronikaforce.free.fr\/Repliques\/Mp5_kurz_fichiers\/kur02.JPG\"><img decoding=\"async\" src=\"http:\/\/veronikaforce.free.fr\/Info\/Illustrations\/MP5Kanim.gif\" alt=\"animation introuvable\"\/><\/a><\/figure>\n\n\n\n<p>Le plus compact des \u00ab\u00a0\u00e9lectriques\u00a0\u00bb &#8230; pour le moment<br><br><\/p>\n\n\n\n<p><strong>Les avantages :<\/strong><\/p>\n\n\n\n<p>Les \u00e9lectriques sont moins fragiles, moins contraignants \u00e0 l&rsquo;utilisation. Il n&rsquo;est plus question des d\u00e9sagr\u00e9ment du gaz et l&rsquo;autonomie de tir est largement sup\u00e9rieure. En moyenne, il faut compter un milliamp\u00e8re pour une bille tir\u00e9e, et les accus existants vont de 600 \u00e0 2000 mA. La capacit\u00e9 des chargeurs est aussi cons\u00e9quente, de 50 \u00e0 1000 billes suivant les mod\u00e8les.<\/p>\n\n\n\n<p><strong>Les inconv\u00e9nients :<\/strong><\/p>\n\n\n\n<p>Les conditions m\u00e9t\u00e9orologiques n&rsquo;ont aucune incidence sur le fonctionnement d&rsquo;un \u00e9lectrique, si ce n&rsquo;est que l&rsquo;autonomie de tir sera r\u00e9duite par temp\u00e9rature extr\u00eamement basse (n\u00e9gligeable cependant) . L&rsquo;achat d&rsquo;une telle r\u00e9plique est un investissement dont les premiers prix \u00e0 neufs sont aux environs de 300 \u20ac.<\/p>\n","protected":false},"excerpt":{"rendered":"<p>Les Air Soft manuels Ils repr\u00e9sentent l&rsquo;entr\u00e9e de gamme des Air Soft. Le principe de fonctionnement est simple, efficace et \u00e9prouv\u00e9 : un piston muni d&rsquo;un ressort comprime de l&rsquo;air et propulse un projectile. L&rsquo;action d&rsquo;armer la culasse bloque le piston en position arri\u00e8re ; la rel\u00e2cher (il faut la REL\u00c2CHER, pas la ramener sinon [&hellip;]<\/p>\n","protected":false},"author":21,"featured_media":0,"parent":0,"menu_order":0,"comment_status":"closed","ping_status":"closed","template":"","meta":{"ngg_post_thumbnail":0,"footnotes":""},"class_list":["post-88","page","type-page","status-publish","hentry"],"_links":{"self":[{"href":"https:\/\/www.besancon-sport-airsoft.com\/2018\/wp-json\/wp\/v2\/pages\/88","targetHints":{"allow":["GET"]}}],"collection":[{"href":"https:\/\/www.besancon-sport-airsoft.com\/2018\/wp-json\/wp\/v2\/pages"}],"about":[{"href":"https:\/\/www.besancon-sport-airsoft.com\/2018\/wp-json\/wp\/v2\/types\/page"}],"author":[{"embeddable":true,"href":"https:\/\/www.besancon-sport-airsoft.com\/2018\/wp-json\/wp\/v2\/users\/21"}],"replies":[{"embeddable":true,"href":"https:\/\/www.besancon-sport-airsoft.com\/2018\/wp-json\/wp\/v2\/comments?post=88"}],"version-history":[{"count":3,"href":"https:\/\/www.besancon-sport-airsoft.com\/2018\/wp-json\/wp\/v2\/pages\/88\/revisions"}],"predecessor-version":[{"id":138,"href":"https:\/\/www.besancon-sport-airsoft.com\/2018\/wp-json\/wp\/v2\/pages\/88\/revisions\/138"}],"wp:attachment":[{"href":"https:\/\/www.besancon-sport-airsoft.com\/2018\/wp-json\/wp\/v2\/media?parent=88"}],"curies":[{"name":"wp","href":"https:\/\/api.w.org\/{rel}","templated":true}]}}